{"id":1022,"date":"2024-07-16T23:40:59","date_gmt":"2024-07-16T23:40:59","guid":{"rendered":"https:\/\/www.pasionesargentinas.es\/inicio\/?page_id=1022"},"modified":"2024-07-29T18:08:19","modified_gmt":"2024-07-29T18:08:19","slug":"setupropiojefe","status":"publish","type":"page","link":"https:\/\/www.pasionesargentinas.es\/inicio\/setupropiojefe\/","title":{"rendered":"S\u00e9 tu propio jefe"},"content":{"rendered":"\n<div class=\"wp-block-cover alignfull\" style=\"min-height:70vh;aspect-ratio:unset;\"><span aria-hidden=\"true\" class=\"wp-block-cover__background has-accent-background-color has-background-dim\"><\/span><img loading=\"lazy\" decoding=\"async\" width=\"2560\" height=\"1707\" sizes=\"auto, (max-width: 799px) 200vw, (max-width: 2560px) 100vw, 2560px\" class=\"wp-block-cover__image-background wp-image-1023\" alt=\"\" src=\"https:\/\/www.pasionesargentinas.es\/inicio\/wp-content\/uploads\/2024\/07\/MG_9084-scaled.jpg\" style=\"object-position:54% 93%\" data-object-fit=\"cover\" data-object-position=\"54% 93%\" srcset=\"https:\/\/www.pasionesargentinas.es\/inicio\/wp-content\/uploads\/2024\/07\/MG_9084-scaled.jpg 2560w, https:\/\/www.pasionesargentinas.es\/inicio\/wp-content\/uploads\/2024\/07\/MG_9084-300x200.jpg 300w, https:\/\/www.pasionesargentinas.es\/inicio\/wp-content\/uploads\/2024\/07\/MG_9084-1024x683.jpg 1024w, https:\/\/www.pasionesargentinas.es\/inicio\/wp-content\/uploads\/2024\/07\/MG_9084-768x512.jpg 768w, https:\/\/www.pasionesargentinas.es\/inicio\/wp-content\/uploads\/2024\/07\/MG_9084-1536x1024.jpg 1536w, https:\/\/www.pasionesargentinas.es\/inicio\/wp-content\/uploads\/2024\/07\/MG_9084-2048x1365.jpg 2048w, https:\/\/www.pasionesargentinas.es\/inicio\/wp-content\/uploads\/2024\/07\/MG_9084-1200x800.jpg 1200w, https:\/\/www.pasionesargentinas.es\/inicio\/wp-content\/uploads\/2024\/07\/MG_9084-1980x1320.jpg 1980w\" \/><div class=\"wp-block-cover__inner-container is-layout-flow wp-block-cover-is-layout-flow\">\n<h1 class=\"wp-block-heading has-text-align-center has-h-1-font-size\">S\u00e9 tu propio jefe<\/h1>\n<\/div><\/div>\n\n\n\n<div class=\"wp-block-columns alignwide are-vertically-aligned-center tw-cols-border-top is-layout-flex wp-container-core-columns-is-layout-d0b3c9c8 wp-block-columns-is-layout-flex\">\n<div class=\"wp-block-column is-vertically-aligned-center is-layout-flow wp-block-column-is-layout-flow\"><div class=\"wpforms-container wpforms-container-full wpforms-block wpforms-block-00a08011-623d-40f9-b484-81aff830c29d\" id=\"wpforms-1025\"><form id=\"wpforms-form-1025\" class=\"wpforms-validate wpforms-form wpforms-ajax-form\" data-formid=\"1025\" method=\"post\" enctype=\"multipart\/form-data\" action=\"\/inicio\/wp-json\/wp\/v2\/pages\/1022\" data-token=\"f9a680f4c8d134b7e74c6e6698e49e32\" data-token-time=\"1776853604\"><noscript class=\"wpforms-error-noscript\">Por favor, activa JavaScript en tu navegador para completar este formulario.<\/noscript><div class=\"wpforms-field-container\"><div id=\"wpforms-1025-field_0-container\" class=\"wpforms-field wpforms-field-name\" data-field-id=\"0\"><label class=\"wpforms-field-label\">Nombre <span class=\"wpforms-required-label\">*<\/span><\/label><div class=\"wpforms-field-row wpforms-field-medium\"><div class=\"wpforms-field-row-block wpforms-first wpforms-one-half\"><input type=\"text\" id=\"wpforms-1025-field_0\" class=\"wpforms-field-name-first wpforms-field-required\" name=\"wpforms[fields][0][first]\" required><label for=\"wpforms-1025-field_0\" class=\"wpforms-field-sublabel after\">Nombre<\/label><\/div><div class=\"wpforms-field-row-block wpforms-one-half\"><input type=\"text\" id=\"wpforms-1025-field_0-last\" class=\"wpforms-field-name-last wpforms-field-required\" name=\"wpforms[fields][0][last]\" required><label for=\"wpforms-1025-field_0-last\" class=\"wpforms-field-sublabel after\">Apellidos<\/label><\/div><\/div><\/div><div id=\"wpforms-1025-field_1-container\" class=\"wpforms-field wpforms-field-email\" data-field-id=\"1\"><label class=\"wpforms-field-label\" for=\"wpforms-1025-field_1\">Correo electr\u00f3nico <span class=\"wpforms-required-label\">*<\/span><\/label><input type=\"email\" id=\"wpforms-1025-field_1\" class=\"wpforms-field-medium wpforms-field-required\" name=\"wpforms[fields][1]\" spellcheck=\"false\" required><\/div><div id=\"wpforms-1025-field_4-container\" class=\"wpforms-field wpforms-field-number\" data-field-id=\"4\"><label class=\"wpforms-field-label\" for=\"wpforms-1025-field_4\">Tel\u00e9fono <span class=\"wpforms-required-label\">*<\/span><\/label><input type=\"number\" id=\"wpforms-1025-field_4\" class=\"wpforms-field-medium wpforms-field-required\" name=\"wpforms[fields][4]\" step=\"any\" required><\/div><div id=\"wpforms-1025-field_3-container\" class=\"wpforms-field wpforms-field-select wpforms-field-select-style-classic\" data-field-id=\"3\"><label class=\"wpforms-field-label\" for=\"wpforms-1025-field_3\">Capacidad de inversi\u00f3n <span class=\"wpforms-required-label\">*<\/span><\/label><select id=\"wpforms-1025-field_3\" class=\"wpforms-field-medium wpforms-field-required\" name=\"wpforms[fields][3]\" required=\"required\"><option value=\"De 0 a 1000\u20ac\"  class=\"choice-1 depth-1\"  >De 0 a 1000\u20ac<\/option><option value=\"De mil a 50 mil\"  class=\"choice-2 depth-1\"  >De mil a 50 mil<\/option><option value=\"M\u00e1s de 50 mil \u20ac\"  class=\"choice-3 depth-1\"  >M\u00e1s de 50 mil \u20ac<\/option><\/select><\/div><div id=\"wpforms-1025-field_5-container\" class=\"wpforms-field wpforms-field-text\" data-field-id=\"5\"><label class=\"wpforms-field-label\" for=\"wpforms-1025-field_5\">Ubicaci\u00f3n <span class=\"wpforms-required-label\">*<\/span><\/label><input type=\"text\" id=\"wpforms-1025-field_5\" class=\"wpforms-field-medium wpforms-field-required\" name=\"wpforms[fields][5]\" placeholder=\"Ejemplo: Madrid\" required><\/div><div id=\"wpforms-1025-field_6-container\" class=\"wpforms-field wpforms-field-checkbox\" data-field-id=\"6\"><label class=\"wpforms-field-label wpforms-label-hide\">Casillas de verificaci\u00f3n <span class=\"wpforms-required-label\">*<\/span><\/label><ul id=\"wpforms-1025-field_6\" class=\"wpforms-field-required\"><li class=\"choice-1 depth-1\"><input type=\"checkbox\" id=\"wpforms-1025-field_6_1\" name=\"wpforms[fields][6][]\" value=\"Estoy de acuerdo con las &lt;a target=&quot;_blank&quot; rel=&quot;nofollow&quot; href=&quot;https:\/\/www.pasionesargentinas.es\/inicio\/politicas-de-privacidad\/&quot;&gt;Pol\u00edtica de privacidad&lt;\/a&gt;\" required ><label class=\"wpforms-field-label-inline\" for=\"wpforms-1025-field_6_1\">Estoy de acuerdo con las <a target=\"_blank\" rel=\"nofollow\" href=\"https:\/\/www.pasionesargentinas.es\/inicio\/politicas-de-privacidad\/\">Pol\u00edtica de privacidad<\/a><\/label><\/li><\/ul><\/div><\/div><!-- .wpforms-field-container --><div class=\"wpforms-recaptcha-container wpforms-is-recaptcha wpforms-is-recaptcha-type-v2\" ><div class=\"g-recaptcha\" data-sitekey=\"6LfdU14lAAAAALtdWZjaOT54qfUHddbqQPmks9W0\"><\/div><input type=\"text\" name=\"g-recaptcha-hidden\" class=\"wpforms-recaptcha-hidden\" style=\"position:absolute!important;clip:rect(0,0,0,0)!important;height:1px!important;width:1px!important;border:0!important;overflow:hidden!important;padding:0!important;margin:0!important;\" data-rule-recaptcha=\"1\"><\/div><div class=\"wpforms-submit-container\" ><input type=\"hidden\" name=\"wpforms[id]\" value=\"1025\"><input type=\"hidden\" name=\"page_title\" value=\"\"><input type=\"hidden\" name=\"page_url\" value=\"https:\/\/www.pasionesargentinas.es\/inicio\/wp-json\/wp\/v2\/pages\/1022\"><input type=\"hidden\" name=\"url_referer\" value=\"\"><button type=\"submit\" name=\"wpforms[submit]\" id=\"wpforms-submit-1025\" class=\"wpforms-submit\" data-alt-text=\"Enviando...\" data-submit-text=\"Enviar\" aria-live=\"assertive\" value=\"wpforms-submit\">Enviar<\/button><img loading=\"lazy\" decoding=\"async\" src=\"https:\/\/www.pasionesargentinas.es\/inicio\/wp-content\/plugins\/wpforms-lite\/assets\/images\/submit-spin.svg\" class=\"wpforms-submit-spinner\" style=\"display: none;\" width=\"26\" height=\"26\" alt=\"Cargando\"><\/div><\/form><\/div>  <!-- .wpforms-container --><\/div>\n<\/div>\n\n\n\n<div class=\"wp-block-columns alignwide tw-cols-border-top is-layout-flex wp-container-core-columns-is-layout-d0b3c9c8 wp-block-columns-is-layout-flex\">\n<div class=\"wp-block-column is-layout-flow wp-block-column-is-layout-flow\">\n<p>A principios del siglo pasado, nuestros abuelos Guiditta y Giovanni emigraron del norte de Italia y se establecieron en Argentina, en la provincia de C\u00f3rdoba. La cr\u00eda de ganado vacuno fue la principal actividad de su emprendimiento agr\u00edcola y ganadero, contribuyendo al estatus de Argentina como principal exportador de carne de calidad en el siglo XX, y dejando una huella perdurable en nuestra familia comprometida con la sostenibilidad y la selecci\u00f3n gen\u00e9tica.<\/p>\n\n\n\n<p>Nuestra pasi\u00f3n por la ganader\u00eda y la cocina se refleja en Pasiones Argentinas, nuestro proyecto de restauraci\u00f3n con el que llevamos m\u00e1s de 20 a\u00f1os acercando productos de alta calidad aptos para todos los perfiles de cliente. Nuestros restaurantes, actualmente ubicados en las mejores zonas de Madrid, se caracterizan por mostrar al cliente la zona de parrilla, as\u00ed como un formato de venta familiar y popular perfecto para compartir en cualquier ocasi\u00f3n. Todos nuestros productos son artesanales y fabricados en nuestro obrador, desde el pan, el corte de la carne hasta los postres.<\/p>\n\n\n\n<p>Los platos se pueden acompa\u00f1ar con reconocidos vinos argentinos, y muchos de nuestros postres y platos t\u00edpicos, como las empanadas, son elaborados en nuestro obrador, asegurando la calidad y el amor en su preparaci\u00f3n.<\/p>\n\n\n\n<p>Seguimos siendo una empresa familiar, cuyo objetivo es transmitir el amor al producto que tras tres generaciones, avala nuestro trabajo.<\/p>\n\n\n\n<p>\u00bfQuieres formar parte de nuestro proyecto?<\/p>\n<\/div>\n<\/div>\n\n\n\n<div class=\"wp-block-group alignfull\"><div class=\"wp-block-group__inner-container is-layout-flow wp-block-group-is-layout-flow\"><\/div><\/div>\n","protected":false},"excerpt":{"rendered":"<p>A principios del siglo pasado, nuestros abuelos Guiditta y Giovanni emigraron del norte de Italia y se establecieron en Argentina, en la provincia de C\u00f3rdoba. La cr\u00eda de ganado vacuno fue la principal actividad de su emprendimiento agr\u00edcola y ganadero, contribuyendo al estatus de Argentina como principal exportador de carne de calidad en el siglo&hellip;<\/p>\n","protected":false},"author":5,"featured_media":0,"parent":0,"menu_order":0,"comment_status":"closed","ping_status":"closed","template":"tw-header-transparent-light.php","meta":{"om_disable_all_campaigns":false,"_monsterinsights_skip_tracking":false,"_monsterinsights_sitenote_active":false,"_monsterinsights_sitenote_note":"","_monsterinsights_sitenote_category":0,"_uf_show_specific_survey":0,"_uf_disable_surveys":false,"footnotes":""},"class_list":["post-1022","page","type-page","status-publish","hentry"],"aioseo_notices":[],"_links":{"self":[{"href":"https:\/\/www.pasionesargentinas.es\/inicio\/wp-json\/wp\/v2\/pages\/1022","targetHints":{"allow":["GET"]}}],"collection":[{"href":"https:\/\/www.pasionesargentinas.es\/inicio\/wp-json\/wp\/v2\/pages"}],"about":[{"href":"https:\/\/www.pasionesargentinas.es\/inicio\/wp-json\/wp\/v2\/types\/page"}],"author":[{"embeddable":true,"href":"https:\/\/www.pasionesargentinas.es\/inicio\/wp-json\/wp\/v2\/users\/5"}],"replies":[{"embeddable":true,"href":"https:\/\/www.pasionesargentinas.es\/inicio\/wp-json\/wp\/v2\/comments?post=1022"}],"version-history":[{"count":5,"href":"https:\/\/www.pasionesargentinas.es\/inicio\/wp-json\/wp\/v2\/pages\/1022\/revisions"}],"predecessor-version":[{"id":1045,"href":"https:\/\/www.pasionesargentinas.es\/inicio\/wp-json\/wp\/v2\/pages\/1022\/revisions\/1045"}],"wp:attachment":[{"href":"https:\/\/www.pasionesargentinas.es\/inicio\/wp-json\/wp\/v2\/media?parent=1022"}],"curies":[{"name":"wp","href":"https:\/\/api.w.org\/{rel}","templated":true}]}}