{"id":1035,"date":"2024-07-22T12:08:43","date_gmt":"2024-07-22T12:08:43","guid":{"rendered":"https:\/\/www.pasionesargentinas.es\/inicio\/?page_id=1035"},"modified":"2024-07-22T12:18:31","modified_gmt":"2024-07-22T12:18:31","slug":"politicas-de-privacidad","status":"publish","type":"page","link":"https:\/\/www.pasionesargentinas.es\/inicio\/politicas-de-privacidad\/","title":{"rendered":"Pol\u00edticas de privacidad"},"content":{"rendered":"\n<div class=\"wp-block-cover alignfull\" style=\"min-height:70vh;aspect-ratio:unset;\"><span aria-hidden=\"true\" class=\"wp-block-cover__background has-background-dim\"><\/span><img loading=\"lazy\" decoding=\"async\" width=\"3305\" height=\"3305\" sizes=\"auto, (max-width: 799px) 200vw, (max-width: 3305px) 100vw, 3305px\" class=\"wp-block-cover__image-background wp-image-155\" alt=\"\" src=\"https:\/\/www.pasionesargentinas.es\/inicio\/wp-content\/uploads\/2022\/03\/Sanse-2-1.jpg\" style=\"object-position:53% 21%\" data-object-fit=\"cover\" data-object-position=\"53% 21%\"\/><div class=\"wp-block-cover__inner-container is-layout-flow wp-block-cover-is-layout-flow\">\n<h1 class=\"wp-block-heading has-text-align-center\">Pol\u00edticas de privacidad<\/h1>\n<\/div><\/div>\n\n\n\n<div class=\"wp-block-group alignfull\"><div class=\"wp-block-group__inner-container is-layout-flow wp-block-group-is-layout-flow\"><\/div><\/div>\n\n\n\n<div class=\"wp-block-columns alignfull is-layout-flex wp-container-core-columns-is-layout-d0b3c9c8 wp-block-columns-is-layout-flex\">\n<div class=\"wp-block-column is-layout-flow wp-block-column-is-layout-flow\" style=\"--col-width:25%;flex-basis:25%\"><\/div>\n\n\n\n<div class=\"wp-block-column is-layout-flow wp-block-column-is-layout-flow\" style=\"--col-width:50%;flex-basis:50%\">\n<figure class=\"wp-block-table\"><table class=\"has-fixed-layout\"><tbody><tr><td colspan=\"2\"><strong>Pol\u00edtica de Privacidad<\/strong><br><strong>Informaci\u00f3n b\u00e1sica sobre Protecci\u00f3n de Datos de Car\u00e1cter Personal<\/strong><br>En cumplimiento del Reglamento General de Protecci\u00f3n de Datos (RGPD), se informa al interesado de lo siguiente:<br><strong>RESPONSABLE DEL TRATAMIENTO<\/strong><br><strong>Identidad:<\/strong> MARVANALI, S.L.<br><strong>Direcci\u00f3n postal:<\/strong> Avenida C\/ Paris, 38 Pol. Ind. Europolis, 28232, LAS ROZAS DE MADRID, MADRID, ES.<br><strong>CIF:<\/strong> B87530663.<br><strong>Correo electr\u00f3nico:<\/strong> <a>info@pasionesargentinas.es<\/a>.<br><strong>P\u00e1gina web:<\/strong> <a href=\"https:\/\/www.pasionesargentinas.es\/\">https:\/\/www.pasionesargentinas.es\/<\/a>.<br><strong>FINALIDAD DEL TRATAMIENTO<\/strong><br>Los datos personales proporcionados a trav\u00e9s del formulario \u00abInvierte con Nosotros\u00bb ser\u00e1n tratados para gestionar las solicitudes de informaci\u00f3n sobre oportunidades de inversi\u00f3n en nuestra empresa. Adem\u00e1s, los datos podr\u00e1n ser utilizados para el env\u00edo de comunicaciones comerciales relacionadas con nuestras actividades y proyectos de inversi\u00f3n.<br>Los datos personales se conservar\u00e1n durante el tiempo estrictamente necesario para cumplir con las finalidades mencionadas, mientras no se solicite su supresi\u00f3n, o bien hasta que dejen de ser pertinentes para los fines para los cuales fueron recabados.<br><strong>LEGITIMACI\u00d3N<\/strong><br>La base legal para el tratamiento de los datos es:<br>Consentimiento inequ\u00edvoco y expreso de los interesados al completar el formulario.<br>Ejecuci\u00f3n de medidas precontractuales.<br>Inter\u00e9s leg\u00edtimo en mantener informados a los posibles inversores sobre oportunidades de inversi\u00f3n.<br>Cumplimiento de obligaciones legales.<br><strong>DESTINATARIOS<\/strong><br>No se realizar\u00e1n cesiones de datos a terceros, salvo obligaci\u00f3n legal o en los casos en los que sea necesario para la gesti\u00f3n de las solicitudes de inversi\u00f3n. Los datos no ser\u00e1n compartidos con terceros sin el consentimiento previo del interesado.<br><strong>DERECHOS<\/strong><br>El interesado tiene derecho a:<br>Solicitar acceso a sus datos personales.<br>Solicitar la rectificaci\u00f3n de datos inexactos o incompletos.<br>Oponerse al tratamiento de sus datos.<br>Solicitar la supresi\u00f3n de sus datos personales.<br>Solicitar la limitaci\u00f3n del tratamiento de sus datos.<br>Solicitar la portabilidad de sus datos.<br><strong>\u00bfC\u00f3mo ejercer estos derechos?<\/strong><br>Puede ejercer sus derechos mediante un escrito dirigido a: Avenida C\/ Paris, 38 Pol. Ind. Europolis, 28232, LAS ROZAS DE MADRID, MADRID, ES.<br>O enviando un correo electr\u00f3nico a: <a>info@pasionesargentinas.es<\/a>.<br>Adem\u00e1s, si considera que sus datos no est\u00e1n siendo tratados conforme a la normativa, puede presentar una reclamaci\u00f3n ante la Agencia Espa\u00f1ola de Protecci\u00f3n de Datos (<a href=\"http:\/\/www.aepd.es\" rel=\"nofollow noopener\" target=\"_blank\">www.aepd.es<\/a>).<br><strong>Medidas de Seguridad<\/strong><br>Hemos implementado medidas t\u00e9cnicas y organizativas adecuadas para proteger sus datos personales contra el acceso no autorizado, su divulgaci\u00f3n, p\u00e9rdida o destrucci\u00f3n accidental.<\/td><\/tr><\/tbody><\/table><\/figure>\n<\/div>\n\n\n\n<div class=\"wp-block-column is-layout-flow wp-block-column-is-layout-flow\" style=\"--col-width:25%;flex-basis:25%\"><\/div>\n<\/div>\n","protected":false},"excerpt":{"rendered":"<p>Pol\u00edtica de PrivacidadInformaci\u00f3n b\u00e1sica sobre Protecci\u00f3n de Datos de Car\u00e1cter PersonalEn cumplimiento del Reglamento General de Protecci\u00f3n de Datos (RGPD), se informa al interesado de lo siguiente:RESPONSABLE DEL TRATAMIENTOIdentidad: MARVANALI, S.L.Direcci\u00f3n postal: Avenida C\/ Paris, 38 Pol. Ind. Europolis, 28232, LAS ROZAS DE MADRID, MADRID, ES.CIF: B87530663.Correo electr\u00f3nico: info@pasionesargentinas.es.P\u00e1gina web: https:\/\/www.pasionesargentinas.es\/.FINALIDAD DEL TRATAMIENTOLos datos personales&hellip;<\/p>\n","protected":false},"author":5,"featured_media":0,"parent":0,"menu_order":0,"comment_status":"closed","ping_status":"closed","template":"tw-header-transparent-light.php","meta":{"om_disable_all_campaigns":false,"_monsterinsights_skip_tracking":false,"_monsterinsights_sitenote_active":false,"_monsterinsights_sitenote_note":"","_monsterinsights_sitenote_category":0,"_uf_show_specific_survey":0,"_uf_disable_surveys":false,"footnotes":""},"class_list":["post-1035","page","type-page","status-publish","hentry"],"aioseo_notices":[],"_links":{"self":[{"href":"https:\/\/www.pasionesargentinas.es\/inicio\/wp-json\/wp\/v2\/pages\/1035","targetHints":{"allow":["GET"]}}],"collection":[{"href":"https:\/\/www.pasionesargentinas.es\/inicio\/wp-json\/wp\/v2\/pages"}],"about":[{"href":"https:\/\/www.pasionesargentinas.es\/inicio\/wp-json\/wp\/v2\/types\/page"}],"author":[{"embeddable":true,"href":"https:\/\/www.pasionesargentinas.es\/inicio\/wp-json\/wp\/v2\/users\/5"}],"replies":[{"embeddable":true,"href":"https:\/\/www.pasionesargentinas.es\/inicio\/wp-json\/wp\/v2\/comments?post=1035"}],"version-history":[{"count":2,"href":"https:\/\/www.pasionesargentinas.es\/inicio\/wp-json\/wp\/v2\/pages\/1035\/revisions"}],"predecessor-version":[{"id":1038,"href":"https:\/\/www.pasionesargentinas.es\/inicio\/wp-json\/wp\/v2\/pages\/1035\/revisions\/1038"}],"wp:attachment":[{"href":"https:\/\/www.pasionesargentinas.es\/inicio\/wp-json\/wp\/v2\/media?parent=1035"}],"curies":[{"name":"wp","href":"https:\/\/api.w.org\/{rel}","templated":true}]}}